
{"id":17411,"date":"2014-11-18T16:35:59","date_gmt":"2014-11-18T16:35:59","guid":{"rendered":"http:\/\/laroophosting.com\/cd\/about-us\/leadership\/"},"modified":"2019-07-30T18:10:31","modified_gmt":"2019-07-30T18:10:31","slug":"direction","status":"publish","type":"page","link":"https:\/\/canadadirect.ca\/fr\/a-propos-de-nous\/direction","title":{"rendered":"Direction"},"content":{"rendered":"<h2>L\u2019investissement est la cl\u00e9<\/h2>\n<h3>CanadaDirect r\u00e9investit sans arr\u00eat dans ses divisions afin de disposer des meilleurs talents et d\u2019infrastructures \u00e0 la fine pointe pour r\u00e9pondre aux objectifs de nos clients.<\/h3>\n<p>Nous sommes constamment \u00e0 la recherche de personnes talentueuses et de nouvelles technologies pour am\u00e9liorer notre gamme de services et d\u2019expertises. Nous demeurons \u00e0 l\u2019avant-garde pour cr\u00e9er un environnement qui nous permet de b\u00e2tir de fantastiques relations de travail avec nos clients<\/p>\n<h4>Direction \u2013 L\u2019\u00e9quipe<\/h4>\n<p>&nbsp;<\/p>\n<div class=\"team_leader_container\">\n<div class=\"col-xs-6 col-sm-4\">\n<div class=\"leader_photo\"><img decoding=\"async\" src=\"https:\/\/canadadirect.ca\/wp-content\/uploads\/2014\/11\/alain_harari.jpg\" alt=\"\" \/><\/div>\n<p class=\"name\">Alain Harari<\/p>\n<p>CEO et Pr\u00e9sident<\/p>\n<\/div>\n<div class=\"col-xs-6 col-sm-4\">\n<div class=\"leader_photo\"><img decoding=\"async\" src=\"https:\/\/canadadirect.ca\/wp-content\/uploads\/2014\/11\/hadi_tchekiken.jpg\" alt=\"\" \/><\/div>\n<p class=\"name\">Hadi Tchekiken<\/p>\n<p>COO\/CIO <\/p>\n<\/div>\n<div class=\"col-xs-6 col-sm-4\">\n<div class=\"leader_photo\"><img decoding=\"async\" src=\"https:\/\/canadadirect.ca\/wp-content\/uploads\/2014\/11\/michael_harari.jpg\" alt=\"\" \/><\/div>\n<p class=\"name\">Michael Harari<\/p>\n<p>Vice-Pr\u00e9sident Relations Clients<\/p>\n<\/div>\n<\/div>\n","protected":false},"excerpt":{"rendered":"<p>L\u2019investissement est la cl\u00e9 CanadaDirect r\u00e9investit sans arr\u00eat dans ses divisions afin de disposer des meilleurs talents et d\u2019infrastructures \u00e0 la fine pointe pour r\u00e9pondre aux objectifs de nos clients. Nous sommes constamment \u00e0 la recherche de personnes talentueuses et de nouvelles technologies pour am\u00e9liorer notre gamme de services et d\u2019expertises. Nous demeurons \u00e0 l\u2019avant-garde [&hellip;]<\/p>\n","protected":false},"author":1,"featured_media":0,"parent":17259,"menu_order":36,"comment_status":"closed","ping_status":"closed","template":"full-width-page-template.php","meta":{"footnotes":""},"class_list":["post-17411","page","type-page","status-publish","hentry"],"_links":{"self":[{"href":"https:\/\/canadadirect.ca\/fr\/wp-json\/wp\/v2\/pages\/17411","targetHints":{"allow":["GET"]}}],"collection":[{"href":"https:\/\/canadadirect.ca\/fr\/wp-json\/wp\/v2\/pages"}],"about":[{"href":"https:\/\/canadadirect.ca\/fr\/wp-json\/wp\/v2\/types\/page"}],"author":[{"embeddable":true,"href":"https:\/\/canadadirect.ca\/fr\/wp-json\/wp\/v2\/users\/1"}],"replies":[{"embeddable":true,"href":"https:\/\/canadadirect.ca\/fr\/wp-json\/wp\/v2\/comments?post=17411"}],"version-history":[{"count":0,"href":"https:\/\/canadadirect.ca\/fr\/wp-json\/wp\/v2\/pages\/17411\/revisions"}],"up":[{"embeddable":true,"href":"https:\/\/canadadirect.ca\/fr\/wp-json\/wp\/v2\/pages\/17259"}],"wp:attachment":[{"href":"https:\/\/canadadirect.ca\/fr\/wp-json\/wp\/v2\/media?parent=17411"}],"curies":[{"name":"wp","href":"https:\/\/api.w.org\/{rel}","templated":true}]}}